{"id":2856,"date":"2024-01-22T13:17:52","date_gmt":"2024-01-22T13:17:52","guid":{"rendered":"https:\/\/www.espaces-synthetiques.com\/?post_type=product&#038;p=2856"},"modified":"2025-11-21T17:20:03","modified_gmt":"2025-11-21T17:20:03","slug":"glace-synthetique-syntech-4-x-8","status":"publish","type":"product","link":"https:\/\/www.syntechicehockey.com\/en\/product\/glace-synthetique-syntech-4-x-8\/","title":{"rendered":"Glace synth\u00e9tique syntech 4&#8242; x 8&#8242;"},"content":{"rendered":"<p>panneaux de glace synth\u00e9tiques 4&#215;8 pieds r\u00e9versible \u00e9paisseur 3\/10<\/p>\n<p>additifs\u00a0 int\u00e9grer pour une glisse optimal<\/p>\n<p>dur\u00e9e de vie 10 ans par cot\u00e9e selon l&#8217;utilisation<\/p>\n<p>Delivery <img decoding=\"async\" class=\"an1\" src=\"https:\/\/fonts.gstatic.com\/s\/e\/notoemoji\/15.0\/1f69a\/32.png\" alt=\"\ud83d\ude9a\" data-emoji=\"\ud83d\ude9a\" aria-label=\"\ud83d\ude9a\" \/> disponible partout au Canada <img decoding=\"async\" class=\"an1\" src=\"https:\/\/fonts.gstatic.com\/s\/e\/notoemoji\/15.0\/1f1e8_1f1e6\/32.png\" alt=\"\ud83c\udde8\ud83c\udde6\" data-emoji=\"\ud83c\udde8\ud83c\udde6\" aria-label=\"\ud83c\udde8\ud83c\udde6\" \/><\/p>\n<p>Service d\u2019installations disponibles sur demande<\/p>","protected":false},"excerpt":{"rendered":"<p>&nbsp;<\/p>\n<div style=\"width: 576px;\" class=\"wp-video\"><video class=\"wp-video-shortcode\" id=\"video-2856-1\" width=\"576\" height=\"1024\" preload=\"metadata\" controls=\"controls\"><source type=\"video\/mp4\" src=\"https:\/\/www.syntechicehockey.com\/wp-content\/uploads\/2021\/04\/VID_20251121_121616.mp4?_=1\" \/><a href=\"https:\/\/www.syntechicehockey.com\/wp-content\/uploads\/2021\/04\/VID_20251121_121616.mp4\">https:\/\/www.syntechicehockey.com\/wp-content\/uploads\/2021\/04\/VID_20251121_121616.mp4<\/a><\/video><\/div>","protected":false},"featured_media":3226,"template":"","meta":[],"product_brand":[],"product_cat":[15],"product_tag":[],"class_list":{"0":"post-2856","1":"product","2":"type-product","3":"status-publish","4":"has-post-thumbnail","6":"product_cat-glace-synthetique","8":"first","9":"instock","10":"taxable","11":"shipping-taxable","12":"purchasable","13":"product-type-simple"},"yoast_head":"<!-- This site is optimized with the Yoast SEO plugin v27.4 - https:\/\/yoast.com\/product\/yoast-seo-wordpress\/ -->\n<title>Glace synth\u00e9tique syntech 4&#039; x 8&#039; - SYNTECH ICE HOCKEY<\/title>\n<meta name=\"robots\" content=\"index, follow, max-snippet:-1, max-image-preview:large, max-video-preview:-1\" \/>\n<link rel=\"canonical\" href=\"https:\/\/www.syntechicehockey.com\/en\/product\/glace-synthetique-syntech-4-x-8\/\" \/>\n<meta property=\"og:locale\" content=\"en_US\" \/>\n<meta property=\"og:type\" content=\"article\" \/>\n<meta property=\"og:title\" content=\"Glace synth\u00e9tique syntech 4&#039; x 8&#039; - SYNTECH ICE HOCKEY\" \/>\n<meta property=\"og:description\" content=\"&nbsp;\" \/>\n<meta property=\"og:url\" content=\"https:\/\/www.syntechicehockey.com\/en\/product\/glace-synthetique-syntech-4-x-8\/\" \/>\n<meta property=\"og:site_name\" content=\"SYNTECH ICE HOCKEY\" \/>\n<meta property=\"article:modified_time\" content=\"2025-11-21T17:20:03+00:00\" \/>\n<meta property=\"og:image\" content=\"https:\/\/www.syntechicehockey.com\/wp-content\/uploads\/2024\/01\/f05f827b-3dd7-45ad-a40c-dbe9ab2aac46.jpg\" \/>\n\t<meta property=\"og:image:width\" content=\"1000\" \/>\n\t<meta property=\"og:image:height\" content=\"1000\" \/>\n\t<meta property=\"og:image:type\" content=\"image\/jpeg\" \/>\n<meta name=\"twitter:card\" content=\"summary_large_image\" \/>\n<meta name=\"twitter:label1\" content=\"Est. reading time\" \/>\n\t<meta name=\"twitter:data1\" content=\"1 minute\" \/>\n<script type=\"application\/ld+json\" class=\"yoast-schema-graph\">{\"@context\":\"https:\\\/\\\/schema.org\",\"@graph\":[{\"@type\":\"WebPage\",\"@id\":\"https:\\\/\\\/www.syntechicehockey.com\\\/product\\\/glace-synthetique-syntech-4-x-8\\\/\",\"url\":\"https:\\\/\\\/www.syntechicehockey.com\\\/product\\\/glace-synthetique-syntech-4-x-8\\\/\",\"name\":\"Glace synth\u00e9tique syntech 4' x 8' - SYNTECH ICE HOCKEY\",\"isPartOf\":{\"@id\":\"https:\\\/\\\/www.syntechicehockey.com\\\/#website\"},\"primaryImageOfPage\":{\"@id\":\"https:\\\/\\\/www.syntechicehockey.com\\\/product\\\/glace-synthetique-syntech-4-x-8\\\/#primaryimage\"},\"image\":{\"@id\":\"https:\\\/\\\/www.syntechicehockey.com\\\/product\\\/glace-synthetique-syntech-4-x-8\\\/#primaryimage\"},\"thumbnailUrl\":\"https:\\\/\\\/www.syntechicehockey.com\\\/wp-content\\\/uploads\\\/2024\\\/01\\\/f05f827b-3dd7-45ad-a40c-dbe9ab2aac46.jpg\",\"datePublished\":\"2024-01-22T13:17:52+00:00\",\"dateModified\":\"2025-11-21T17:20:03+00:00\",\"breadcrumb\":{\"@id\":\"https:\\\/\\\/www.syntechicehockey.com\\\/product\\\/glace-synthetique-syntech-4-x-8\\\/#breadcrumb\"},\"inLanguage\":\"en-US\",\"potentialAction\":[{\"@type\":\"ReadAction\",\"target\":[\"https:\\\/\\\/www.syntechicehockey.com\\\/product\\\/glace-synthetique-syntech-4-x-8\\\/\"]}]},{\"@type\":\"ImageObject\",\"inLanguage\":\"en-US\",\"@id\":\"https:\\\/\\\/www.syntechicehockey.com\\\/product\\\/glace-synthetique-syntech-4-x-8\\\/#primaryimage\",\"url\":\"https:\\\/\\\/www.syntechicehockey.com\\\/wp-content\\\/uploads\\\/2024\\\/01\\\/f05f827b-3dd7-45ad-a40c-dbe9ab2aac46.jpg\",\"contentUrl\":\"https:\\\/\\\/www.syntechicehockey.com\\\/wp-content\\\/uploads\\\/2024\\\/01\\\/f05f827b-3dd7-45ad-a40c-dbe9ab2aac46.jpg\",\"width\":1000,\"height\":1000,\"caption\":\"panneau 4x8\"},{\"@type\":\"BreadcrumbList\",\"@id\":\"https:\\\/\\\/www.syntechicehockey.com\\\/product\\\/glace-synthetique-syntech-4-x-8\\\/#breadcrumb\",\"itemListElement\":[{\"@type\":\"ListItem\",\"position\":1,\"name\":\"Accueil\",\"item\":\"https:\\\/\\\/www.syntechicehockey.com\\\/\"},{\"@type\":\"ListItem\",\"position\":2,\"name\":\"Magasinez\",\"item\":\"https:\\\/\\\/www.syntechicehockey.com\\\/magasinez\\\/\"},{\"@type\":\"ListItem\",\"position\":3,\"name\":\"Glace synth\u00e9tique syntech 4&#8242; x 8&#8242;\"}]},{\"@type\":\"WebSite\",\"@id\":\"https:\\\/\\\/www.syntechicehockey.com\\\/#website\",\"url\":\"https:\\\/\\\/www.syntechicehockey.com\\\/\",\"name\":\"SYNTECH ICE HOCKEY\",\"description\":\"\",\"publisher\":{\"@id\":\"https:\\\/\\\/www.syntechicehockey.com\\\/#organization\"},\"potentialAction\":[{\"@type\":\"SearchAction\",\"target\":{\"@type\":\"EntryPoint\",\"urlTemplate\":\"https:\\\/\\\/www.syntechicehockey.com\\\/?s={search_term_string}\"},\"query-input\":{\"@type\":\"PropertyValueSpecification\",\"valueRequired\":true,\"valueName\":\"search_term_string\"}}],\"inLanguage\":\"en-US\"},{\"@type\":\"Organization\",\"@id\":\"https:\\\/\\\/www.syntechicehockey.com\\\/#organization\",\"name\":\"SYNTECH ICE HOCKEY\",\"url\":\"https:\\\/\\\/www.syntechicehockey.com\\\/\",\"logo\":{\"@type\":\"ImageObject\",\"inLanguage\":\"en-US\",\"@id\":\"https:\\\/\\\/www.syntechicehockey.com\\\/#\\\/schema\\\/logo\\\/image\\\/\",\"url\":\"https:\\\/\\\/www.syntechicehockey.com\\\/wp-content\\\/uploads\\\/2021\\\/04\\\/cropped-logo.jpg\",\"contentUrl\":\"https:\\\/\\\/www.syntechicehockey.com\\\/wp-content\\\/uploads\\\/2021\\\/04\\\/cropped-logo.jpg\",\"width\":770,\"height\":175,\"caption\":\"SYNTECH ICE HOCKEY\"},\"image\":{\"@id\":\"https:\\\/\\\/www.syntechicehockey.com\\\/#\\\/schema\\\/logo\\\/image\\\/\"}}]}<\/script>\n<!-- \/ Yoast SEO plugin. -->","yoast_head_json":{"title":"Glace synth\u00e9tique syntech 4' x 8' - SYNTECH ICE HOCKEY","robots":{"index":"index","follow":"follow","max-snippet":"max-snippet:-1","max-image-preview":"max-image-preview:large","max-video-preview":"max-video-preview:-1"},"canonical":"https:\/\/www.syntechicehockey.com\/en\/product\/glace-synthetique-syntech-4-x-8\/","og_locale":"en_US","og_type":"article","og_title":"Glace synth\u00e9tique syntech 4' x 8' - SYNTECH ICE HOCKEY","og_description":"&nbsp;","og_url":"https:\/\/www.syntechicehockey.com\/en\/product\/glace-synthetique-syntech-4-x-8\/","og_site_name":"SYNTECH ICE HOCKEY","article_modified_time":"2025-11-21T17:20:03+00:00","og_image":[{"width":1000,"height":1000,"url":"https:\/\/www.syntechicehockey.com\/wp-content\/uploads\/2024\/01\/f05f827b-3dd7-45ad-a40c-dbe9ab2aac46.jpg","type":"image\/jpeg"}],"twitter_card":"summary_large_image","twitter_misc":{"Est. reading time":"1 minute"},"schema":{"@context":"https:\/\/schema.org","@graph":[{"@type":"WebPage","@id":"https:\/\/www.syntechicehockey.com\/product\/glace-synthetique-syntech-4-x-8\/","url":"https:\/\/www.syntechicehockey.com\/product\/glace-synthetique-syntech-4-x-8\/","name":"Glace synth\u00e9tique syntech 4' x 8' - SYNTECH ICE HOCKEY","isPartOf":{"@id":"https:\/\/www.syntechicehockey.com\/#website"},"primaryImageOfPage":{"@id":"https:\/\/www.syntechicehockey.com\/product\/glace-synthetique-syntech-4-x-8\/#primaryimage"},"image":{"@id":"https:\/\/www.syntechicehockey.com\/product\/glace-synthetique-syntech-4-x-8\/#primaryimage"},"thumbnailUrl":"https:\/\/www.syntechicehockey.com\/wp-content\/uploads\/2024\/01\/f05f827b-3dd7-45ad-a40c-dbe9ab2aac46.jpg","datePublished":"2024-01-22T13:17:52+00:00","dateModified":"2025-11-21T17:20:03+00:00","breadcrumb":{"@id":"https:\/\/www.syntechicehockey.com\/product\/glace-synthetique-syntech-4-x-8\/#breadcrumb"},"inLanguage":"en-US","potentialAction":[{"@type":"ReadAction","target":["https:\/\/www.syntechicehockey.com\/product\/glace-synthetique-syntech-4-x-8\/"]}]},{"@type":"ImageObject","inLanguage":"en-US","@id":"https:\/\/www.syntechicehockey.com\/product\/glace-synthetique-syntech-4-x-8\/#primaryimage","url":"https:\/\/www.syntechicehockey.com\/wp-content\/uploads\/2024\/01\/f05f827b-3dd7-45ad-a40c-dbe9ab2aac46.jpg","contentUrl":"https:\/\/www.syntechicehockey.com\/wp-content\/uploads\/2024\/01\/f05f827b-3dd7-45ad-a40c-dbe9ab2aac46.jpg","width":1000,"height":1000,"caption":"panneau 4x8"},{"@type":"BreadcrumbList","@id":"https:\/\/www.syntechicehockey.com\/product\/glace-synthetique-syntech-4-x-8\/#breadcrumb","itemListElement":[{"@type":"ListItem","position":1,"name":"Accueil","item":"https:\/\/www.syntechicehockey.com\/"},{"@type":"ListItem","position":2,"name":"Magasinez","item":"https:\/\/www.syntechicehockey.com\/magasinez\/"},{"@type":"ListItem","position":3,"name":"Glace synth\u00e9tique syntech 4&#8242; x 8&#8242;"}]},{"@type":"WebSite","@id":"https:\/\/www.syntechicehockey.com\/#website","url":"https:\/\/www.syntechicehockey.com\/","name":"SYNTECH ICE HOCKEY","description":"","publisher":{"@id":"https:\/\/www.syntechicehockey.com\/#organization"},"potentialAction":[{"@type":"SearchAction","target":{"@type":"EntryPoint","urlTemplate":"https:\/\/www.syntechicehockey.com\/?s={search_term_string}"},"query-input":{"@type":"PropertyValueSpecification","valueRequired":true,"valueName":"search_term_string"}}],"inLanguage":"en-US"},{"@type":"Organization","@id":"https:\/\/www.syntechicehockey.com\/#organization","name":"SYNTECH ICE HOCKEY","url":"https:\/\/www.syntechicehockey.com\/","logo":{"@type":"ImageObject","inLanguage":"en-US","@id":"https:\/\/www.syntechicehockey.com\/#\/schema\/logo\/image\/","url":"https:\/\/www.syntechicehockey.com\/wp-content\/uploads\/2021\/04\/cropped-logo.jpg","contentUrl":"https:\/\/www.syntechicehockey.com\/wp-content\/uploads\/2021\/04\/cropped-logo.jpg","width":770,"height":175,"caption":"SYNTECH ICE HOCKEY"},"image":{"@id":"https:\/\/www.syntechicehockey.com\/#\/schema\/logo\/image\/"}}]}},"_links":{"self":[{"href":"https:\/\/www.syntechicehockey.com\/en\/wp-json\/wp\/v2\/product\/2856","targetHints":{"allow":["GET"]}}],"collection":[{"href":"https:\/\/www.syntechicehockey.com\/en\/wp-json\/wp\/v2\/product"}],"about":[{"href":"https:\/\/www.syntechicehockey.com\/en\/wp-json\/wp\/v2\/types\/product"}],"wp:featuredmedia":[{"embeddable":true,"href":"https:\/\/www.syntechicehockey.com\/en\/wp-json\/wp\/v2\/media\/3226"}],"wp:attachment":[{"href":"https:\/\/www.syntechicehockey.com\/en\/wp-json\/wp\/v2\/media?parent=2856"}],"wp:term":[{"taxonomy":"product_brand","embeddable":true,"href":"https:\/\/www.syntechicehockey.com\/en\/wp-json\/wp\/v2\/product_brand?post=2856"},{"taxonomy":"product_cat","embeddable":true,"href":"https:\/\/www.syntechicehockey.com\/en\/wp-json\/wp\/v2\/product_cat?post=2856"},{"taxonomy":"product_tag","embeddable":true,"href":"https:\/\/www.syntechicehockey.com\/en\/wp-json\/wp\/v2\/product_tag?post=2856"}],"curies":[{"name":"wp","href":"https:\/\/api.w.org\/{rel}","templated":true}]}}