{"id":3049,"date":"2024-03-08T01:45:29","date_gmt":"2024-03-08T01:45:29","guid":{"rendered":"https:\/\/www.espaces-synthetiques.com\/?page_id=3049"},"modified":"2025-11-20T00:56:35","modified_gmt":"2025-11-20T00:56:35","slug":"politique-de-consentement","status":"publish","type":"page","link":"https:\/\/www.syntechicehockey.com\/en\/politique-de-consentement\/","title":{"rendered":"POLITIQUE DE CONSENTEMENT"},"content":{"rendered":"<div data-elementor-type=\"wp-page\" data-elementor-id=\"3049\" class=\"elementor elementor-3049\">\n\t\t\t\t\t\t<section class=\"elementor-section elementor-top-section elementor-element elementor-element-4d9f236 elementor-section-full_width elementor-section-height-default elementor-section-height-default\" data-id=\"4d9f236\" data-element_type=\"section\" data-e-type=\"section\">\n\t\t\t\t\t\t<div class=\"elementor-container elementor-column-gap-no\">\n\t\t\t\t\t<div class=\"elementor-column elementor-col-100 elementor-top-column elementor-element elementor-element-ae4c5db\" data-id=\"ae4c5db\" data-element_type=\"column\" data-e-type=\"column\">\n\t\t\t<div class=\"elementor-widget-wrap elementor-element-populated\">\n\t\t\t\t\t\t<div class=\"elementor-element elementor-element-be5a151 elementor-widget elementor-widget-image\" data-id=\"be5a151\" data-element_type=\"widget\" data-e-type=\"widget\" data-widget_type=\"image.default\">\n\t\t\t\t<div class=\"elementor-widget-container\">\n\t\t\t\t\t\t\t\t\t\t\t\t\t\t\t<img fetchpriority=\"high\" decoding=\"async\" width=\"2000\" height=\"629\" src=\"https:\/\/www.syntechicehockey.com\/wp-content\/uploads\/2024\/01\/40454aef-95f8-430b-a134-e9f680cb9582.jpg\" class=\"attachment-full size-full wp-image-3148\" alt=\"\" srcset=\"https:\/\/www.syntechicehockey.com\/wp-content\/uploads\/2024\/01\/40454aef-95f8-430b-a134-e9f680cb9582.jpg 2000w, https:\/\/www.syntechicehockey.com\/wp-content\/uploads\/2024\/01\/40454aef-95f8-430b-a134-e9f680cb9582-600x189.jpg 600w, https:\/\/www.syntechicehockey.com\/wp-content\/uploads\/2024\/01\/40454aef-95f8-430b-a134-e9f680cb9582-300x94.jpg 300w, https:\/\/www.syntechicehockey.com\/wp-content\/uploads\/2024\/01\/40454aef-95f8-430b-a134-e9f680cb9582-1024x322.jpg 1024w, https:\/\/www.syntechicehockey.com\/wp-content\/uploads\/2024\/01\/40454aef-95f8-430b-a134-e9f680cb9582-768x242.jpg 768w, https:\/\/www.syntechicehockey.com\/wp-content\/uploads\/2024\/01\/40454aef-95f8-430b-a134-e9f680cb9582-1536x483.jpg 1536w, https:\/\/www.syntechicehockey.com\/wp-content\/uploads\/2024\/01\/40454aef-95f8-430b-a134-e9f680cb9582-18x6.jpg 18w, https:\/\/www.syntechicehockey.com\/wp-content\/uploads\/2024\/01\/40454aef-95f8-430b-a134-e9f680cb9582-64x20.jpg 64w, https:\/\/www.syntechicehockey.com\/wp-content\/uploads\/2024\/01\/40454aef-95f8-430b-a134-e9f680cb9582-190x60.jpg 190w, https:\/\/www.syntechicehockey.com\/wp-content\/uploads\/2024\/01\/40454aef-95f8-430b-a134-e9f680cb9582-286x90.jpg 286w\" sizes=\"(max-width: 2000px) 100vw, 2000px\" \/>\t\t\t\t\t\t\t\t\t\t\t\t\t\t\t<\/div>\n\t\t\t\t<\/div>\n\t\t\t\t\t<\/div>\n\t\t<\/div>\n\t\t\t\t\t<\/div>\n\t\t<\/section>\n\t\t\t\t<section class=\"elementor-section elementor-top-section elementor-element elementor-element-f600bf8 elementor-section-boxed elementor-section-height-default elementor-section-height-default\" data-id=\"f600bf8\" data-element_type=\"section\" data-e-type=\"section\">\n\t\t\t\t\t\t<div class=\"elementor-container elementor-column-gap-no\">\n\t\t\t\t\t<div class=\"elementor-column elementor-col-100 elementor-top-column elementor-element elementor-element-e769e7d\" data-id=\"e769e7d\" data-element_type=\"column\" data-e-type=\"column\">\n\t\t\t<div class=\"elementor-widget-wrap elementor-element-populated\">\n\t\t\t\t\t\t<div class=\"elementor-element elementor-element-77a4e96 elementor-widget elementor-widget-text-editor\" data-id=\"77a4e96\" data-element_type=\"widget\" data-e-type=\"widget\" data-widget_type=\"text-editor.default\">\n\t\t\t\t<div class=\"elementor-widget-container\">\n\t\t\t\t\t\t\t\t\t<h2>Politique de consentement<\/h2><div id=\"wb_page56Text1\"><span id=\"wb_uid10\"><strong>Introduction<\/strong><br \/><\/span><\/div><div><span id=\"wb_uid10\">Devant le d\u00e9veloppement des nouveaux outils de communication, il est n\u00e9cessaire de porter une attention particuli\u00e8re \u00e0 la protection de la vie priv\u00e9e. C&#8217;est pourquoi, nous nous engageons \u00e0 respecter la confidentialit\u00e9 des renseignements personnels que nous collectons.<\/span><\/div><div>\u00a0<\/div><div><strong>Collecte des renseignements personnels<\/strong><\/div><div>Nous collectons les renseignements suivants\u00a0:<\/div><div>Nom<br \/>Pr\u00e9nom<br \/>Adresse postale<br \/>Code postal<br \/>Adresse \u00e9lectronique<br \/>Num\u00e9ro de t\u00e9l\u00e9phone<\/div><div>\u00a0<\/div><div>Les renseignements personnels que nous collectons sont recueillis au travers de formulaires et gr\u00e2ce \u00e0 l&#8217;interactivit\u00e9 \u00e9tablie entre vous et notre site Web. Nous utilisons \u00e9galement, comme indiqu\u00e9 dans la section suivante, des fichiers t\u00e9moins et\/ou journaux pour r\u00e9unir des informations vous concernant.<\/div><div>Formulaires\u00a0 et interactivit\u00e9:Vos renseignements personnels sont collect\u00e9s par le biais de formulaire, \u00e0 savoir\u00a0:<\/div><div>Formulaire d&#8217;inscription au site Web<\/div><div>\u00a0<\/div><div>Nous utilisons les renseignements ainsi collect\u00e9s pour les finalit\u00e9s suivantes\u00a0:<\/div><div>Contact<\/div><div>\u00a0<\/div><div>Vos renseignements sont \u00e9galement collect\u00e9s par le biais de l&#8217;interactivit\u00e9 pouvant s&#8217;\u00e9tablir entre vous et notre site Web et ce, de la fa\u00e7on suivante:<\/div><div><p>Contact<\/p><p>Nous utilisons les renseignements ainsi collect\u00e9s pour les finalit\u00e9s suivantes\u00a0:<\/p><p>Fichiers journaux et t\u00e9moins<\/p><p>Nous recueillons certaines informations par le biais de fichiers journaux (log file) et de fichiers t\u00e9moins (cookies). Il s&#8217;agit principalement des informations suivantes\u00a0:<\/p><p>Adresse IP<\/p><p>Le recours \u00e0 de tels fichiers nous permet\u00a0:<\/p><p><strong>Droit d&#8217;opposition et de retrait<\/strong><\/p><p>Nous nous engageons \u00e0 vous offrir un droit d&#8217;opposition et de retrait quant \u00e0 vos renseignements personnels.<\/p><\/div><div>Le droit d&#8217;opposition s&#8217;entend comme \u00e9tant la possibilit\u00e9 offerte aux internautes de refuser que leurs renseignements personnels soient utilis\u00e9es \u00e0 certaines fins mentionn\u00e9es lors de la collecte.Le droit de retrait s&#8217;entend comme \u00e9tant la possibilit\u00e9 offerte aux internautes de demander \u00e0 ce que leurs renseignements personnels ne figurent plus, par exemple, dans une liste de diffusion.<\/div><div>\u00a0<\/div><div>\u00a0<\/div><div><strong>Pour pouvoir exercer ces droits, vous pouvez\u00a0:<\/strong><\/div><div><p>Code postal :<\/p><div><div><div class=\"vk_sh vk_bk\"><div class=\"aiAXrc\"><span class=\"fMYBhe\">Pr\u00e9vost, Qc, <\/span><span id=\"wb_uid10\">Canada<\/span><\/div><\/div><\/div><\/div><p><span id=\"wb_uid10\">Courriel\u00a0: <a href=\"mailto:info@syntechicehockey.com\">info@syntechicehockey.com<\/a><br \/>T\u00e9l\u00e9phone\u00a0: <a href=\"tel:+15148959999\">(514) 895-9999<\/a><br \/>Section du site web : <strong>syntechicehockey.com<\/strong><\/span><\/p><\/div><div>\u00a0<\/div><div><p><span id=\"wb_uid10\"><strong>Droit d&#8217;acc\u00e8s<\/strong><\/span><\/p><p>Nous nous engageons \u00e0 reconna\u00eetre un droit d&#8217;acc\u00e8s et de rectification aux personnes concern\u00e9es d\u00e9sireuses de consulter, modifier, voire radier les informations les concernant.<\/p><\/div><div><p>L&#8217;exercice de ce droit se fera\u00a0:<br \/>Code postal :<\/p><div><div><div class=\"vk_sh vk_bk\"><div class=\"aiAXrc\"><span class=\"fMYBhe\">Pr\u00e9vost, Qc, <\/span><span id=\"wb_uid10\">Canada<\/span><\/div><\/div><\/div><\/div><p><span id=\"wb_uid10\">Courriel\u00a0: <a href=\"mailto:info@syntechicehockey.com\">info@syntechicehockey.com<\/a><br \/>T\u00e9l\u00e9phone\u00a0: <a href=\"tel:+15148959999\">(514) 895-9999<\/a><br \/>Section du site web : <strong>syntechicehockey.com<\/strong><\/span><\/p><\/div><div>\u00a0<\/div><div><p><span id=\"wb_uid10\"><strong>S\u00e9curit\u00e9<\/strong><\/span><\/p><p>Les renseignements personnels que nous collectons sont conserv\u00e9s dans un environnement s\u00e9curis\u00e9. Les personnes travaillant pour nous sont tenues de respecter la confidentialit\u00e9 de vos informations.<\/p><\/div><div>Pour assurer la s\u00e9curit\u00e9 de vos renseignements personnels, nous avons recours aux mesures suivantes\u00a0:<\/div><div>Gestion des acc\u00e8s &#8211; personne autoris\u00e9e<br \/>D\u00e9veloppement de certificat num\u00e9rique<br \/>Identifiant \/ mot de passe<\/div><div>\u00a0<\/div><div>Nous nous engageons \u00e0 maintenir un haut degr\u00e9 de confidentialit\u00e9 en int\u00e9grant les derni\u00e8res innovations technologiques permettant d&#8217;assurer la confidentialit\u00e9 de vos transactions. Toutefois, comme aucun m\u00e9canisme n&#8217;offre une s\u00e9curit\u00e9 maximale, une part de risque est toujours pr\u00e9sente lorsque l&#8217;on utilise Internet pour transmettre des renseignements personnels.<\/div><div>\u00a0<\/div><div><strong>Label<\/strong><\/div><div><p>Nos engagements en mati\u00e8re de protection des renseignements personnels r\u00e9pondent aux exigences du programme suivant\u00a0:https:\/\/www.comodo.com<\/p><p><strong>L\u00e9gislation<\/strong><\/p><p>Nous nous engageons \u00e0 respecter les dispositions l\u00e9gislatives \u00e9nonc\u00e9es dans\u00a0:<br \/>Canada<\/p><\/div>\t\t\t\t\t\t\t\t<\/div>\n\t\t\t\t<\/div>\n\t\t\t\t\t<\/div>\n\t\t<\/div>\n\t\t\t\t\t<\/div>\n\t\t<\/section>\n\t\t\t\t<\/div>","protected":false},"excerpt":{"rendered":"<p>Politique de consentement IntroductionDevant le d\u00e9veloppement des nouveaux outils de communication, il est n\u00e9cessaire de porter une attention particuli\u00e8re \u00e0 la protection de la vie priv\u00e9e. C&#8217;est pourquoi, nous nous engageons \u00e0 respecter la confidentialit\u00e9 des renseignements personnels que nous collectons.\u00a0Collecte des renseignements personnelsNous collectons les renseignements suivants\u00a0:NomPr\u00e9nomAdresse postaleCode postalAdresse \u00e9lectroniqueNum\u00e9ro de t\u00e9l\u00e9phone\u00a0Les renseignements personnels [&hellip;]<\/p>\n","protected":false},"author":1,"featured_media":0,"parent":0,"menu_order":0,"comment_status":"closed","ping_status":"closed","template":"","meta":{"footnotes":""},"class_list":["post-3049","page","type-page","status-publish","hentry"],"yoast_head":"<!-- This site is optimized with the Yoast SEO plugin v27.4 - https:\/\/yoast.com\/product\/yoast-seo-wordpress\/ -->\n<title>POLITIQUE DE CONSENTEMENT - SYNTECH ICE HOCKEY<\/title>\n<meta name=\"robots\" content=\"index, follow, max-snippet:-1, max-image-preview:large, max-video-preview:-1\" \/>\n<link rel=\"canonical\" href=\"https:\/\/www.syntechicehockey.com\/en\/politique-de-consentement\/\" \/>\n<meta property=\"og:locale\" content=\"en_US\" \/>\n<meta property=\"og:type\" content=\"article\" \/>\n<meta property=\"og:title\" content=\"POLITIQUE DE CONSENTEMENT - SYNTECH ICE HOCKEY\" \/>\n<meta property=\"og:description\" content=\"Politique de consentement IntroductionDevant le d\u00e9veloppement des nouveaux outils de communication, il est n\u00e9cessaire de porter une attention particuli\u00e8re \u00e0 la protection de la vie priv\u00e9e. C&#8217;est pourquoi, nous nous engageons \u00e0 respecter la confidentialit\u00e9 des renseignements personnels que nous collectons.\u00a0Collecte des renseignements personnelsNous collectons les renseignements suivants\u00a0:NomPr\u00e9nomAdresse postaleCode postalAdresse \u00e9lectroniqueNum\u00e9ro de t\u00e9l\u00e9phone\u00a0Les renseignements personnels [&hellip;]\" \/>\n<meta property=\"og:url\" content=\"https:\/\/www.syntechicehockey.com\/en\/politique-de-consentement\/\" \/>\n<meta property=\"og:site_name\" content=\"SYNTECH ICE HOCKEY\" \/>\n<meta property=\"article:modified_time\" content=\"2025-11-20T00:56:35+00:00\" \/>\n<meta property=\"og:image\" content=\"https:\/\/www.syntechicehockey.com\/wp-content\/uploads\/2024\/01\/40454aef-95f8-430b-a134-e9f680cb9582.jpg\" \/>\n\t<meta property=\"og:image:width\" content=\"2000\" \/>\n\t<meta property=\"og:image:height\" content=\"629\" \/>\n\t<meta property=\"og:image:type\" content=\"image\/jpeg\" \/>\n<meta name=\"twitter:card\" content=\"summary_large_image\" \/>\n<meta name=\"twitter:label1\" content=\"Est. reading time\" \/>\n\t<meta name=\"twitter:data1\" content=\"3 minutes\" \/>\n<script type=\"application\/ld+json\" class=\"yoast-schema-graph\">{\"@context\":\"https:\\\/\\\/schema.org\",\"@graph\":[{\"@type\":\"WebPage\",\"@id\":\"https:\\\/\\\/www.syntechicehockey.com\\\/politique-de-consentement\\\/\",\"url\":\"https:\\\/\\\/www.syntechicehockey.com\\\/politique-de-consentement\\\/\",\"name\":\"POLITIQUE DE CONSENTEMENT - SYNTECH ICE HOCKEY\",\"isPartOf\":{\"@id\":\"https:\\\/\\\/www.syntechicehockey.com\\\/#website\"},\"primaryImageOfPage\":{\"@id\":\"https:\\\/\\\/www.syntechicehockey.com\\\/politique-de-consentement\\\/#primaryimage\"},\"image\":{\"@id\":\"https:\\\/\\\/www.syntechicehockey.com\\\/politique-de-consentement\\\/#primaryimage\"},\"thumbnailUrl\":\"https:\\\/\\\/www.syntechicehockey.com\\\/wp-content\\\/uploads\\\/2024\\\/01\\\/40454aef-95f8-430b-a134-e9f680cb9582.jpg\",\"datePublished\":\"2024-03-08T01:45:29+00:00\",\"dateModified\":\"2025-11-20T00:56:35+00:00\",\"breadcrumb\":{\"@id\":\"https:\\\/\\\/www.syntechicehockey.com\\\/politique-de-consentement\\\/#breadcrumb\"},\"inLanguage\":\"en-US\",\"potentialAction\":[{\"@type\":\"ReadAction\",\"target\":[\"https:\\\/\\\/www.syntechicehockey.com\\\/politique-de-consentement\\\/\"]}]},{\"@type\":\"ImageObject\",\"inLanguage\":\"en-US\",\"@id\":\"https:\\\/\\\/www.syntechicehockey.com\\\/politique-de-consentement\\\/#primaryimage\",\"url\":\"https:\\\/\\\/www.syntechicehockey.com\\\/wp-content\\\/uploads\\\/2024\\\/01\\\/40454aef-95f8-430b-a134-e9f680cb9582.jpg\",\"contentUrl\":\"https:\\\/\\\/www.syntechicehockey.com\\\/wp-content\\\/uploads\\\/2024\\\/01\\\/40454aef-95f8-430b-a134-e9f680cb9582.jpg\"},{\"@type\":\"BreadcrumbList\",\"@id\":\"https:\\\/\\\/www.syntechicehockey.com\\\/politique-de-consentement\\\/#breadcrumb\",\"itemListElement\":[{\"@type\":\"ListItem\",\"position\":1,\"name\":\"Accueil\",\"item\":\"https:\\\/\\\/www.syntechicehockey.com\\\/\"},{\"@type\":\"ListItem\",\"position\":2,\"name\":\"POLITIQUE DE CONSENTEMENT\"}]},{\"@type\":\"WebSite\",\"@id\":\"https:\\\/\\\/www.syntechicehockey.com\\\/#website\",\"url\":\"https:\\\/\\\/www.syntechicehockey.com\\\/\",\"name\":\"SYNTECH ICE HOCKEY\",\"description\":\"\",\"publisher\":{\"@id\":\"https:\\\/\\\/www.syntechicehockey.com\\\/#organization\"},\"potentialAction\":[{\"@type\":\"SearchAction\",\"target\":{\"@type\":\"EntryPoint\",\"urlTemplate\":\"https:\\\/\\\/www.syntechicehockey.com\\\/?s={search_term_string}\"},\"query-input\":{\"@type\":\"PropertyValueSpecification\",\"valueRequired\":true,\"valueName\":\"search_term_string\"}}],\"inLanguage\":\"en-US\"},{\"@type\":\"Organization\",\"@id\":\"https:\\\/\\\/www.syntechicehockey.com\\\/#organization\",\"name\":\"SYNTECH ICE HOCKEY\",\"url\":\"https:\\\/\\\/www.syntechicehockey.com\\\/\",\"logo\":{\"@type\":\"ImageObject\",\"inLanguage\":\"en-US\",\"@id\":\"https:\\\/\\\/www.syntechicehockey.com\\\/#\\\/schema\\\/logo\\\/image\\\/\",\"url\":\"https:\\\/\\\/www.syntechicehockey.com\\\/wp-content\\\/uploads\\\/2021\\\/04\\\/cropped-logo.jpg\",\"contentUrl\":\"https:\\\/\\\/www.syntechicehockey.com\\\/wp-content\\\/uploads\\\/2021\\\/04\\\/cropped-logo.jpg\",\"width\":770,\"height\":175,\"caption\":\"SYNTECH ICE HOCKEY\"},\"image\":{\"@id\":\"https:\\\/\\\/www.syntechicehockey.com\\\/#\\\/schema\\\/logo\\\/image\\\/\"}}]}<\/script>\n<!-- \/ Yoast SEO plugin. -->","yoast_head_json":{"title":"POLITIQUE DE CONSENTEMENT - SYNTECH ICE HOCKEY","robots":{"index":"index","follow":"follow","max-snippet":"max-snippet:-1","max-image-preview":"max-image-preview:large","max-video-preview":"max-video-preview:-1"},"canonical":"https:\/\/www.syntechicehockey.com\/en\/politique-de-consentement\/","og_locale":"en_US","og_type":"article","og_title":"POLITIQUE DE CONSENTEMENT - SYNTECH ICE HOCKEY","og_description":"Politique de consentement IntroductionDevant le d\u00e9veloppement des nouveaux outils de communication, il est n\u00e9cessaire de porter une attention particuli\u00e8re \u00e0 la protection de la vie priv\u00e9e. C&#8217;est pourquoi, nous nous engageons \u00e0 respecter la confidentialit\u00e9 des renseignements personnels que nous collectons.\u00a0Collecte des renseignements personnelsNous collectons les renseignements suivants\u00a0:NomPr\u00e9nomAdresse postaleCode postalAdresse \u00e9lectroniqueNum\u00e9ro de t\u00e9l\u00e9phone\u00a0Les renseignements personnels [&hellip;]","og_url":"https:\/\/www.syntechicehockey.com\/en\/politique-de-consentement\/","og_site_name":"SYNTECH ICE HOCKEY","article_modified_time":"2025-11-20T00:56:35+00:00","og_image":[{"width":2000,"height":629,"url":"https:\/\/www.syntechicehockey.com\/wp-content\/uploads\/2024\/01\/40454aef-95f8-430b-a134-e9f680cb9582.jpg","type":"image\/jpeg"}],"twitter_card":"summary_large_image","twitter_misc":{"Est. reading time":"3 minutes"},"schema":{"@context":"https:\/\/schema.org","@graph":[{"@type":"WebPage","@id":"https:\/\/www.syntechicehockey.com\/politique-de-consentement\/","url":"https:\/\/www.syntechicehockey.com\/politique-de-consentement\/","name":"POLITIQUE DE CONSENTEMENT - SYNTECH ICE HOCKEY","isPartOf":{"@id":"https:\/\/www.syntechicehockey.com\/#website"},"primaryImageOfPage":{"@id":"https:\/\/www.syntechicehockey.com\/politique-de-consentement\/#primaryimage"},"image":{"@id":"https:\/\/www.syntechicehockey.com\/politique-de-consentement\/#primaryimage"},"thumbnailUrl":"https:\/\/www.syntechicehockey.com\/wp-content\/uploads\/2024\/01\/40454aef-95f8-430b-a134-e9f680cb9582.jpg","datePublished":"2024-03-08T01:45:29+00:00","dateModified":"2025-11-20T00:56:35+00:00","breadcrumb":{"@id":"https:\/\/www.syntechicehockey.com\/politique-de-consentement\/#breadcrumb"},"inLanguage":"en-US","potentialAction":[{"@type":"ReadAction","target":["https:\/\/www.syntechicehockey.com\/politique-de-consentement\/"]}]},{"@type":"ImageObject","inLanguage":"en-US","@id":"https:\/\/www.syntechicehockey.com\/politique-de-consentement\/#primaryimage","url":"https:\/\/www.syntechicehockey.com\/wp-content\/uploads\/2024\/01\/40454aef-95f8-430b-a134-e9f680cb9582.jpg","contentUrl":"https:\/\/www.syntechicehockey.com\/wp-content\/uploads\/2024\/01\/40454aef-95f8-430b-a134-e9f680cb9582.jpg"},{"@type":"BreadcrumbList","@id":"https:\/\/www.syntechicehockey.com\/politique-de-consentement\/#breadcrumb","itemListElement":[{"@type":"ListItem","position":1,"name":"Accueil","item":"https:\/\/www.syntechicehockey.com\/"},{"@type":"ListItem","position":2,"name":"POLITIQUE DE CONSENTEMENT"}]},{"@type":"WebSite","@id":"https:\/\/www.syntechicehockey.com\/#website","url":"https:\/\/www.syntechicehockey.com\/","name":"SYNTECH ICE HOCKEY","description":"","publisher":{"@id":"https:\/\/www.syntechicehockey.com\/#organization"},"potentialAction":[{"@type":"SearchAction","target":{"@type":"EntryPoint","urlTemplate":"https:\/\/www.syntechicehockey.com\/?s={search_term_string}"},"query-input":{"@type":"PropertyValueSpecification","valueRequired":true,"valueName":"search_term_string"}}],"inLanguage":"en-US"},{"@type":"Organization","@id":"https:\/\/www.syntechicehockey.com\/#organization","name":"SYNTECH ICE HOCKEY","url":"https:\/\/www.syntechicehockey.com\/","logo":{"@type":"ImageObject","inLanguage":"en-US","@id":"https:\/\/www.syntechicehockey.com\/#\/schema\/logo\/image\/","url":"https:\/\/www.syntechicehockey.com\/wp-content\/uploads\/2021\/04\/cropped-logo.jpg","contentUrl":"https:\/\/www.syntechicehockey.com\/wp-content\/uploads\/2021\/04\/cropped-logo.jpg","width":770,"height":175,"caption":"SYNTECH ICE HOCKEY"},"image":{"@id":"https:\/\/www.syntechicehockey.com\/#\/schema\/logo\/image\/"}}]}},"_hostinger_reach_plugin_has_subscription_block":false,"_hostinger_reach_plugin_is_elementor":false,"_links":{"self":[{"href":"https:\/\/www.syntechicehockey.com\/en\/wp-json\/wp\/v2\/pages\/3049","targetHints":{"allow":["GET"]}}],"collection":[{"href":"https:\/\/www.syntechicehockey.com\/en\/wp-json\/wp\/v2\/pages"}],"about":[{"href":"https:\/\/www.syntechicehockey.com\/en\/wp-json\/wp\/v2\/types\/page"}],"author":[{"embeddable":true,"href":"https:\/\/www.syntechicehockey.com\/en\/wp-json\/wp\/v2\/users\/1"}],"replies":[{"embeddable":true,"href":"https:\/\/www.syntechicehockey.com\/en\/wp-json\/wp\/v2\/comments?post=3049"}],"version-history":[{"count":11,"href":"https:\/\/www.syntechicehockey.com\/en\/wp-json\/wp\/v2\/pages\/3049\/revisions"}],"predecessor-version":[{"id":3272,"href":"https:\/\/www.syntechicehockey.com\/en\/wp-json\/wp\/v2\/pages\/3049\/revisions\/3272"}],"wp:attachment":[{"href":"https:\/\/www.syntechicehockey.com\/en\/wp-json\/wp\/v2\/media?parent=3049"}],"curies":[{"name":"wp","href":"https:\/\/api.w.org\/{rel}","templated":true}]}}