{"id":1685,"date":"2021-05-20T04:48:11","date_gmt":"2021-05-20T04:48:11","guid":{"rendered":"https:\/\/klbtheme.com\/bacola\/?page_id=1685"},"modified":"2025-11-20T16:12:19","modified_gmt":"2025-11-20T16:12:19","slug":"contact","status":"publish","type":"page","link":"https:\/\/www.syntechicehockey.com\/en\/contact\/","title":{"rendered":"Contact Us"},"content":{"rendered":"\t\t<div data-elementor-type=\"wp-page\" data-elementor-id=\"1685\" class=\"elementor elementor-1685\">\n\t\t\t\t\t\t<section class=\"elementor-section elementor-top-section elementor-element elementor-element-a65fc9f elementor-section-boxed elementor-section-height-default elementor-section-height-default\" data-id=\"a65fc9f\" data-element_type=\"section\" data-e-type=\"section\">\n\t\t\t\t\t\t<div class=\"elementor-container elementor-column-gap-extended\">\n\t\t\t\t\t<div class=\"elementor-column elementor-col-100 elementor-top-column elementor-element elementor-element-e60227a\" data-id=\"e60227a\" data-element_type=\"column\" data-e-type=\"column\">\n\t\t\t<div class=\"elementor-widget-wrap elementor-element-populated\">\n\t\t\t\t\t\t<section class=\"elementor-section elementor-inner-section elementor-element elementor-element-f536dd6 elementor-section-boxed elementor-section-height-default elementor-section-height-default\" data-id=\"f536dd6\" data-element_type=\"section\" data-e-type=\"section\">\n\t\t\t\t\t\t<div class=\"elementor-container elementor-column-gap-no\">\n\t\t\t\t\t<div class=\"elementor-column elementor-col-100 elementor-inner-column elementor-element elementor-element-aa801f7\" data-id=\"aa801f7\" data-element_type=\"column\" data-e-type=\"column\">\n\t\t\t<div class=\"elementor-widget-wrap elementor-element-populated\">\n\t\t\t\t\t\t<div class=\"elementor-element elementor-element-4cfc479 elementor-widget elementor-widget-heading\" data-id=\"4cfc479\" data-element_type=\"widget\" data-e-type=\"widget\" data-widget_type=\"heading.default\">\n\t\t\t\t<div class=\"elementor-widget-container\">\n\t\t\t\t\t<h1 class=\"elementor-heading-title elementor-size-default\">Pour nous joindre<\/h1>\t\t\t\t<\/div>\n\t\t\t\t<\/div>\n\t\t\t\t\t<\/div>\n\t\t<\/div>\n\t\t\t\t\t<\/div>\n\t\t<\/section>\n\t\t\t\t\t<\/div>\n\t\t<\/div>\n\t\t\t\t\t<\/div>\n\t\t<\/section>\n\t\t\t\t<section class=\"elementor-section elementor-top-section elementor-element elementor-element-f9ec84e elementor-section-boxed elementor-section-height-default elementor-section-height-default\" data-id=\"f9ec84e\" data-element_type=\"section\" data-e-type=\"section\">\n\t\t\t\t\t\t<div class=\"elementor-container elementor-column-gap-extended\">\n\t\t\t\t\t<div class=\"elementor-column elementor-col-33 elementor-top-column elementor-element elementor-element-6e6ebae\" data-id=\"6e6ebae\" data-element_type=\"column\" data-e-type=\"column\">\n\t\t\t<div class=\"elementor-widget-wrap elementor-element-populated\">\n\t\t\t\t\t\t<div class=\"elementor-element elementor-element-c984937 elementor-view-default elementor-position-block-start elementor-mobile-position-block-start elementor-widget elementor-widget-icon-box\" data-id=\"c984937\" data-element_type=\"widget\" data-e-type=\"widget\" data-widget_type=\"icon-box.default\">\n\t\t\t\t<div class=\"elementor-widget-container\">\n\t\t\t\t\t\t\t<div class=\"elementor-icon-box-wrapper\">\n\n\t\t\t\t\t\t<div class=\"elementor-icon-box-icon\">\n\t\t\t\t<span  class=\"elementor-icon\">\n\t\t\t\t<i aria-hidden=\"true\" class=\"fas fa-map-marker-alt\"><\/i>\t\t\t\t<\/span>\n\t\t\t<\/div>\n\t\t\t\n\t\t\t\t\t\t<div class=\"elementor-icon-box-content\">\n\n\t\t\t\t\t\t\t\t\t<h3 class=\"elementor-icon-box-title\">\n\t\t\t\t\t\t<span  >\n\t\t\t\t\t\t\tPr\u00e9vost, Qc\t\t\t\t\t\t<\/span>\n\t\t\t\t\t<\/h3>\n\t\t\t\t\n\t\t\t\t\n\t\t\t<\/div>\n\t\t\t\n\t\t<\/div>\n\t\t\t\t\t\t<\/div>\n\t\t\t\t<\/div>\n\t\t\t\t\t<\/div>\n\t\t<\/div>\n\t\t\t\t<div class=\"elementor-column elementor-col-33 elementor-top-column elementor-element elementor-element-e39b88c\" data-id=\"e39b88c\" data-element_type=\"column\" data-e-type=\"column\">\n\t\t\t<div class=\"elementor-widget-wrap elementor-element-populated\">\n\t\t\t\t\t\t<div class=\"elementor-element elementor-element-9e631a5 elementor-view-default elementor-position-block-start elementor-mobile-position-block-start elementor-widget elementor-widget-icon-box\" data-id=\"9e631a5\" data-element_type=\"widget\" data-e-type=\"widget\" data-widget_type=\"icon-box.default\">\n\t\t\t\t<div class=\"elementor-widget-container\">\n\t\t\t\t\t\t\t<div class=\"elementor-icon-box-wrapper\">\n\n\t\t\t\t\t\t<div class=\"elementor-icon-box-icon\">\n\t\t\t\t<span  class=\"elementor-icon\">\n\t\t\t\t<i aria-hidden=\"true\" class=\"fas fa-phone-volume\"><\/i>\t\t\t\t<\/span>\n\t\t\t<\/div>\n\t\t\t\n\t\t\t\t\t\t<div class=\"elementor-icon-box-content\">\n\n\t\t\t\t\t\t\t\t\t<h3 class=\"elementor-icon-box-title\">\n\t\t\t\t\t\t<span  >\n\t\t\t\t\t\t\t(514) 895-9999\t\t\t\t\t\t<\/span>\n\t\t\t\t\t<\/h3>\n\t\t\t\t\n\t\t\t\t\n\t\t\t<\/div>\n\t\t\t\n\t\t<\/div>\n\t\t\t\t\t\t<\/div>\n\t\t\t\t<\/div>\n\t\t\t\t\t<\/div>\n\t\t<\/div>\n\t\t\t\t<div class=\"elementor-column elementor-col-33 elementor-top-column elementor-element elementor-element-d839599\" data-id=\"d839599\" data-element_type=\"column\" data-e-type=\"column\">\n\t\t\t<div class=\"elementor-widget-wrap elementor-element-populated\">\n\t\t\t\t\t\t<div class=\"elementor-element elementor-element-d71f668 elementor-view-default elementor-position-block-start elementor-mobile-position-block-start elementor-widget elementor-widget-icon-box\" data-id=\"d71f668\" data-element_type=\"widget\" data-e-type=\"widget\" data-widget_type=\"icon-box.default\">\n\t\t\t\t<div class=\"elementor-widget-container\">\n\t\t\t\t\t\t\t<div class=\"elementor-icon-box-wrapper\">\n\n\t\t\t\t\t\t<div class=\"elementor-icon-box-icon\">\n\t\t\t\t<span  class=\"elementor-icon\">\n\t\t\t\t<i aria-hidden=\"true\" class=\"far fa-envelope\"><\/i>\t\t\t\t<\/span>\n\t\t\t<\/div>\n\t\t\t\n\t\t\t\t\t\t<div class=\"elementor-icon-box-content\">\n\n\t\t\t\t\t\t\t\t\t<h3 class=\"elementor-icon-box-title\">\n\t\t\t\t\t\t<span  >\n\t\t\t\t\t\t\tinfo@syntechicehockey.com\t\t\t\t\t\t<\/span>\n\t\t\t\t\t<\/h3>\n\t\t\t\t\n\t\t\t\t\n\t\t\t<\/div>\n\t\t\t\n\t\t<\/div>\n\t\t\t\t\t\t<\/div>\n\t\t\t\t<\/div>\n\t\t\t\t\t<\/div>\n\t\t<\/div>\n\t\t\t\t\t<\/div>\n\t\t<\/section>\n\t\t\t\t<section class=\"elementor-section elementor-top-section elementor-element elementor-element-019a066 elementor-section-boxed elementor-section-height-default elementor-section-height-default\" data-id=\"019a066\" data-element_type=\"section\" data-e-type=\"section\">\n\t\t\t\t\t\t<div class=\"elementor-container elementor-column-gap-default\">\n\t\t\t\t\t<div class=\"elementor-column elementor-col-100 elementor-top-column elementor-element elementor-element-fcbfa73\" data-id=\"fcbfa73\" data-element_type=\"column\" data-e-type=\"column\">\n\t\t\t<div class=\"elementor-widget-wrap elementor-element-populated\">\n\t\t\t\t\t\t<div class=\"elementor-element elementor-element-7e057f9 elementor-widget elementor-widget-heading\" data-id=\"7e057f9\" data-element_type=\"widget\" data-e-type=\"widget\" data-widget_type=\"heading.default\">\n\t\t\t\t<div class=\"elementor-widget-container\">\n\t\t\t\t\t<h1 class=\"elementor-heading-title elementor-size-default\">\u00c9crivez-nous<\/h1>\t\t\t\t<\/div>\n\t\t\t\t<\/div>\n\t\t\t\t<div class=\"elementor-element elementor-element-d624447 elementor-widget elementor-widget-wpforms\" data-id=\"d624447\" data-element_type=\"widget\" data-e-type=\"widget\" data-widget_type=\"wpforms.default\">\n\t\t\t\t<div class=\"elementor-widget-container\">\n\t\t\t\t\t<div class=\"wpforms-container wpforms-container-full\" id=\"wpforms-2047\"><form id=\"wpforms-form-2047\" class=\"wpforms-validate wpforms-form\" data-formid=\"2047\" method=\"post\" enctype=\"multipart\/form-data\" action=\"\/en\/wp-json\/wp\/v2\/pages\/1685\" data-token=\"afde7ed5f39fa09ec6b2e6573f11c810\"><noscript class=\"wpforms-error-noscript\">Please enable JavaScript in your browser to complete this form.<\/noscript><div class=\"wpforms-field-container\"><div id=\"wpforms-2047-field_0-container\" class=\"wpforms-field wpforms-field-text\" data-field-id=\"0\"><label class=\"wpforms-field-label\" for=\"wpforms-2047-field_0\">Pr\u00e9nom et nom<\/label><input type=\"text\" id=\"wpforms-2047-field_0\" class=\"wpforms-field-large\" name=\"wpforms[fields][0]\" ><\/div><div id=\"wpforms-2047-field_1-container\" class=\"wpforms-field wpforms-field-email\" data-field-id=\"1\"><label class=\"wpforms-field-label\" for=\"wpforms-2047-field_1\">Email <span class=\"wpforms-required-label\">*<\/span><\/label><input type=\"email\" id=\"wpforms-2047-field_1\" class=\"wpforms-field-large wpforms-field-required\" name=\"wpforms[fields][1]\" required><\/div><div id=\"wpforms-2047-field_3-container\" class=\"wpforms-field wpforms-field-text\" data-field-id=\"3\"><label class=\"wpforms-field-label\" for=\"wpforms-2047-field_3\">Sujet du message<\/label><input type=\"text\" id=\"wpforms-2047-field_3\" class=\"wpforms-field-large\" name=\"wpforms[fields][3]\" ><\/div><div id=\"wpforms-2047-field_2-container\" class=\"wpforms-field wpforms-field-textarea\" data-field-id=\"2\"><label class=\"wpforms-field-label\" for=\"wpforms-2047-field_2\">Votre message<\/label><textarea id=\"wpforms-2047-field_2\" class=\"wpforms-field-large\" name=\"wpforms[fields][2]\" ><\/textarea><\/div><\/div><div class=\"wpforms-submit-container\"><input type=\"hidden\" name=\"wpforms[id]\" value=\"2047\"><input type=\"hidden\" name=\"wpforms[author]\" value=\"1\"><button type=\"submit\" name=\"wpforms[submit]\" id=\"wpforms-submit-2047\" class=\"wpforms-submit\" aria-live=\"assertive\" value=\"wpforms-submit\">Envoyer<\/button><\/div><input type=\"hidden\" id=\"ct_checkjs_wpforms_a8f15eda80c50adb0e71943adc8015cf\" name=\"ct_checkjs_wpforms\" value=\"0\" \/><script>setTimeout(function(){var ct_input_name = \"ct_checkjs_wpforms_a8f15eda80c50adb0e71943adc8015cf\";if (document.getElementById(ct_input_name) !== null) {var ct_input_value = document.getElementById(ct_input_name).value;document.getElementById(ct_input_name).value = document.getElementById(ct_input_name).value.replace(ct_input_value, '1902199031');}}, 1000);<\/script><input\n                    class=\"apbct_special_field apbct_email_id__wp_wpforms\"\n                    name=\"apbct__email_id__wp_wpforms\"\n                    aria-label=\"apbct__label_id__wp_wpforms\"\n                    type=\"text\" size=\"30\" maxlength=\"200\" autocomplete=\"off\"\n                    value=\"\"\n                \/><\/form><\/div>  <!-- .wpforms-container -->\t\t\t\t<\/div>\n\t\t\t\t<\/div>\n\t\t\t\t\t<\/div>\n\t\t<\/div>\n\t\t\t\t\t<\/div>\n\t\t<\/section>\n\t\t\t\t<\/div>\n\t\t","protected":false},"excerpt":{"rendered":"<p>Pour nous joindre Pr\u00e9vost, Qc (514) 895-9999 info@syntechicehockey.com \u00c9crivez-nous<\/p>","protected":false},"author":1,"featured_media":0,"parent":0,"menu_order":0,"comment_status":"closed","ping_status":"closed","template":"","meta":{"footnotes":""},"class_list":["post-1685","page","type-page","status-publish","hentry"],"yoast_head":"<!-- This site is optimized with the Yoast SEO plugin v27.4 - https:\/\/yoast.com\/product\/yoast-seo-wordpress\/ -->\n<title>Nous contacter - SYNTECH ICE HOCKEY<\/title>\n<meta name=\"description\" content=\"Contactez Syntech Ice Hockey pour une soumission de glace synth\u00e9tique, patinoire sur mesure, installation HDPE ou projet r\u00e9sidentiel et commercial au Qu\u00e9bec.\" \/>\n<meta name=\"robots\" content=\"index, follow, max-snippet:-1, max-image-preview:large, max-video-preview:-1\" \/>\n<link rel=\"canonical\" href=\"https:\/\/www.syntechicehockey.com\/en\/contact\/\" \/>\n<meta property=\"og:locale\" content=\"en_US\" \/>\n<meta property=\"og:type\" content=\"article\" \/>\n<meta property=\"og:title\" content=\"Nous contacter - SYNTECH ICE HOCKEY\" \/>\n<meta property=\"og:description\" content=\"Contactez Syntech Ice Hockey pour une soumission de glace synth\u00e9tique, patinoire sur mesure, installation HDPE ou projet r\u00e9sidentiel et commercial au Qu\u00e9bec.\" \/>\n<meta property=\"og:url\" content=\"https:\/\/www.syntechicehockey.com\/en\/contact\/\" \/>\n<meta property=\"og:site_name\" content=\"SYNTECH ICE HOCKEY\" \/>\n<meta property=\"article:modified_time\" content=\"2025-11-20T16:12:19+00:00\" \/>\n<meta name=\"twitter:card\" content=\"summary_large_image\" \/>\n<meta name=\"twitter:label1\" content=\"Est. reading time\" \/>\n\t<meta name=\"twitter:data1\" content=\"1 minute\" \/>\n<script type=\"application\/ld+json\" class=\"yoast-schema-graph\">{\"@context\":\"https:\\\/\\\/schema.org\",\"@graph\":[{\"@type\":\"WebPage\",\"@id\":\"https:\\\/\\\/www.syntechicehockey.com\\\/contact\\\/\",\"url\":\"https:\\\/\\\/www.syntechicehockey.com\\\/contact\\\/\",\"name\":\"Nous contacter - SYNTECH ICE HOCKEY\",\"isPartOf\":{\"@id\":\"https:\\\/\\\/www.syntechicehockey.com\\\/#website\"},\"datePublished\":\"2021-05-20T04:48:11+00:00\",\"dateModified\":\"2025-11-20T16:12:19+00:00\",\"description\":\"Contactez Syntech Ice Hockey pour une soumission de glace synth\u00e9tique, patinoire sur mesure, installation HDPE ou projet r\u00e9sidentiel et commercial au Qu\u00e9bec.\",\"breadcrumb\":{\"@id\":\"https:\\\/\\\/www.syntechicehockey.com\\\/contact\\\/#breadcrumb\"},\"inLanguage\":\"en-US\",\"potentialAction\":[{\"@type\":\"ReadAction\",\"target\":[\"https:\\\/\\\/www.syntechicehockey.com\\\/contact\\\/\"]}]},{\"@type\":\"BreadcrumbList\",\"@id\":\"https:\\\/\\\/www.syntechicehockey.com\\\/contact\\\/#breadcrumb\",\"itemListElement\":[{\"@type\":\"ListItem\",\"position\":1,\"name\":\"Accueil\",\"item\":\"https:\\\/\\\/www.syntechicehockey.com\\\/\"},{\"@type\":\"ListItem\",\"position\":2,\"name\":\"Nous contacter\"}]},{\"@type\":\"WebSite\",\"@id\":\"https:\\\/\\\/www.syntechicehockey.com\\\/#website\",\"url\":\"https:\\\/\\\/www.syntechicehockey.com\\\/\",\"name\":\"SYNTECH ICE HOCKEY\",\"description\":\"\",\"publisher\":{\"@id\":\"https:\\\/\\\/www.syntechicehockey.com\\\/#organization\"},\"potentialAction\":[{\"@type\":\"SearchAction\",\"target\":{\"@type\":\"EntryPoint\",\"urlTemplate\":\"https:\\\/\\\/www.syntechicehockey.com\\\/?s={search_term_string}\"},\"query-input\":{\"@type\":\"PropertyValueSpecification\",\"valueRequired\":true,\"valueName\":\"search_term_string\"}}],\"inLanguage\":\"en-US\"},{\"@type\":\"Organization\",\"@id\":\"https:\\\/\\\/www.syntechicehockey.com\\\/#organization\",\"name\":\"SYNTECH ICE HOCKEY\",\"url\":\"https:\\\/\\\/www.syntechicehockey.com\\\/\",\"logo\":{\"@type\":\"ImageObject\",\"inLanguage\":\"en-US\",\"@id\":\"https:\\\/\\\/www.syntechicehockey.com\\\/#\\\/schema\\\/logo\\\/image\\\/\",\"url\":\"https:\\\/\\\/www.syntechicehockey.com\\\/wp-content\\\/uploads\\\/2021\\\/04\\\/cropped-logo.jpg\",\"contentUrl\":\"https:\\\/\\\/www.syntechicehockey.com\\\/wp-content\\\/uploads\\\/2021\\\/04\\\/cropped-logo.jpg\",\"width\":770,\"height\":175,\"caption\":\"SYNTECH ICE HOCKEY\"},\"image\":{\"@id\":\"https:\\\/\\\/www.syntechicehockey.com\\\/#\\\/schema\\\/logo\\\/image\\\/\"}}]}<\/script>\n<!-- \/ Yoast SEO plugin. -->","yoast_head_json":{"title":"Contact us - SYNTECH ICE HOCKEY","description":"Contactez Syntech Ice Hockey pour une soumission de glace synth\u00e9tique, patinoire sur mesure, installation HDPE ou projet r\u00e9sidentiel et commercial au Qu\u00e9bec.","robots":{"index":"index","follow":"follow","max-snippet":"max-snippet:-1","max-image-preview":"max-image-preview:large","max-video-preview":"max-video-preview:-1"},"canonical":"https:\/\/www.syntechicehockey.com\/en\/contact\/","og_locale":"en_US","og_type":"article","og_title":"Nous contacter - SYNTECH ICE HOCKEY","og_description":"Contactez Syntech Ice Hockey pour une soumission de glace synth\u00e9tique, patinoire sur mesure, installation HDPE ou projet r\u00e9sidentiel et commercial au Qu\u00e9bec.","og_url":"https:\/\/www.syntechicehockey.com\/en\/contact\/","og_site_name":"SYNTECH ICE HOCKEY","article_modified_time":"2025-11-20T16:12:19+00:00","twitter_card":"summary_large_image","twitter_misc":{"Est. reading time":"1 minute"},"schema":{"@context":"https:\/\/schema.org","@graph":[{"@type":"WebPage","@id":"https:\/\/www.syntechicehockey.com\/contact\/","url":"https:\/\/www.syntechicehockey.com\/contact\/","name":"Contact us - SYNTECH ICE HOCKEY","isPartOf":{"@id":"https:\/\/www.syntechicehockey.com\/#website"},"datePublished":"2021-05-20T04:48:11+00:00","dateModified":"2025-11-20T16:12:19+00:00","description":"Contactez Syntech Ice Hockey pour une soumission de glace synth\u00e9tique, patinoire sur mesure, installation HDPE ou projet r\u00e9sidentiel et commercial au Qu\u00e9bec.","breadcrumb":{"@id":"https:\/\/www.syntechicehockey.com\/contact\/#breadcrumb"},"inLanguage":"en-US","potentialAction":[{"@type":"ReadAction","target":["https:\/\/www.syntechicehockey.com\/contact\/"]}]},{"@type":"BreadcrumbList","@id":"https:\/\/www.syntechicehockey.com\/contact\/#breadcrumb","itemListElement":[{"@type":"ListItem","position":1,"name":"Accueil","item":"https:\/\/www.syntechicehockey.com\/"},{"@type":"ListItem","position":2,"name":"Nous contacter"}]},{"@type":"WebSite","@id":"https:\/\/www.syntechicehockey.com\/#website","url":"https:\/\/www.syntechicehockey.com\/","name":"SYNTECH ICE HOCKEY","description":"","publisher":{"@id":"https:\/\/www.syntechicehockey.com\/#organization"},"potentialAction":[{"@type":"SearchAction","target":{"@type":"EntryPoint","urlTemplate":"https:\/\/www.syntechicehockey.com\/?s={search_term_string}"},"query-input":{"@type":"PropertyValueSpecification","valueRequired":true,"valueName":"search_term_string"}}],"inLanguage":"en-US"},{"@type":"Organization","@id":"https:\/\/www.syntechicehockey.com\/#organization","name":"SYNTECH ICE HOCKEY","url":"https:\/\/www.syntechicehockey.com\/","logo":{"@type":"ImageObject","inLanguage":"en-US","@id":"https:\/\/www.syntechicehockey.com\/#\/schema\/logo\/image\/","url":"https:\/\/www.syntechicehockey.com\/wp-content\/uploads\/2021\/04\/cropped-logo.jpg","contentUrl":"https:\/\/www.syntechicehockey.com\/wp-content\/uploads\/2021\/04\/cropped-logo.jpg","width":770,"height":175,"caption":"SYNTECH ICE HOCKEY"},"image":{"@id":"https:\/\/www.syntechicehockey.com\/#\/schema\/logo\/image\/"}}]}},"_hostinger_reach_plugin_has_subscription_block":false,"_hostinger_reach_plugin_is_elementor":false,"_links":{"self":[{"href":"https:\/\/www.syntechicehockey.com\/en\/wp-json\/wp\/v2\/pages\/1685","targetHints":{"allow":["GET"]}}],"collection":[{"href":"https:\/\/www.syntechicehockey.com\/en\/wp-json\/wp\/v2\/pages"}],"about":[{"href":"https:\/\/www.syntechicehockey.com\/en\/wp-json\/wp\/v2\/types\/page"}],"author":[{"embeddable":true,"href":"https:\/\/www.syntechicehockey.com\/en\/wp-json\/wp\/v2\/users\/1"}],"replies":[{"embeddable":true,"href":"https:\/\/www.syntechicehockey.com\/en\/wp-json\/wp\/v2\/comments?post=1685"}],"version-history":[{"count":32,"href":"https:\/\/www.syntechicehockey.com\/en\/wp-json\/wp\/v2\/pages\/1685\/revisions"}],"predecessor-version":[{"id":3339,"href":"https:\/\/www.syntechicehockey.com\/en\/wp-json\/wp\/v2\/pages\/1685\/revisions\/3339"}],"wp:attachment":[{"href":"https:\/\/www.syntechicehockey.com\/en\/wp-json\/wp\/v2\/media?parent=1685"}],"curies":[{"name":"wp","href":"https:\/\/api.w.org\/{rel}","templated":true}]}}