{"id":1181,"date":"2021-05-03T19:11:29","date_gmt":"2021-05-03T19:11:29","guid":{"rendered":"https:\/\/klbtheme.com\/bacola\/?page_id=1181"},"modified":"2026-01-15T15:24:28","modified_gmt":"2026-01-15T15:24:28","slug":"accueil","status":"publish","type":"page","link":"https:\/\/www.syntechicehockey.com\/en\/","title":{"rendered":"Accueil"},"content":{"rendered":"<div data-elementor-type=\"wp-page\" data-elementor-id=\"1181\" class=\"elementor elementor-1181\">\n\t\t\t\t\t\t<section class=\"elementor-section elementor-top-section elementor-element elementor-element-485e6d8 elementor-section-full_width elementor-section-height-default elementor-section-height-default\" data-id=\"485e6d8\" data-element_type=\"section\" data-e-type=\"section\">\n\t\t\t\t\t\t<div class=\"elementor-container elementor-column-gap-no\">\n\t\t\t\t\t<div class=\"elementor-column elementor-col-100 elementor-top-column elementor-element elementor-element-e3012c2\" data-id=\"e3012c2\" data-element_type=\"column\" data-e-type=\"column\">\n\t\t\t<div class=\"elementor-widget-wrap elementor-element-populated\">\n\t\t\t\t\t\t<div class=\"elementor-element elementor-element-ec97bf2 elementor-widget elementor-widget-image\" data-id=\"ec97bf2\" data-element_type=\"widget\" data-e-type=\"widget\" data-widget_type=\"image.default\">\n\t\t\t\t<div class=\"elementor-widget-container\">\n\t\t\t\t\t\t\t\t\t\t\t\t\t\t\t<img fetchpriority=\"high\" decoding=\"async\" width=\"2400\" height=\"1800\" src=\"https:\/\/www.syntechicehockey.com\/wp-content\/uploads\/2026\/01\/0-2.png\" class=\"attachment-full size-full wp-image-3446\" alt=\"\" srcset=\"https:\/\/www.syntechicehockey.com\/wp-content\/uploads\/2026\/01\/0-2.png 2400w, https:\/\/www.syntechicehockey.com\/wp-content\/uploads\/2026\/01\/0-2-300x225.png 300w, https:\/\/www.syntechicehockey.com\/wp-content\/uploads\/2026\/01\/0-2-1024x768.png 1024w, https:\/\/www.syntechicehockey.com\/wp-content\/uploads\/2026\/01\/0-2-768x576.png 768w, https:\/\/www.syntechicehockey.com\/wp-content\/uploads\/2026\/01\/0-2-1536x1152.png 1536w, https:\/\/www.syntechicehockey.com\/wp-content\/uploads\/2026\/01\/0-2-2048x1536.png 2048w, https:\/\/www.syntechicehockey.com\/wp-content\/uploads\/2026\/01\/0-2-16x12.png 16w, https:\/\/www.syntechicehockey.com\/wp-content\/uploads\/2026\/01\/0-2-600x450.png 600w, https:\/\/www.syntechicehockey.com\/wp-content\/uploads\/2026\/01\/0-2-64x48.png 64w\" sizes=\"(max-width: 2400px) 100vw, 2400px\" \/>\t\t\t\t\t\t\t\t\t\t\t\t\t\t\t<\/div>\n\t\t\t\t<\/div>\n\t\t\t\t\t<\/div>\n\t\t<\/div>\n\t\t\t\t\t<\/div>\n\t\t<\/section>\n\t\t\t\t<section class=\"elementor-section elementor-top-section elementor-element elementor-element-6b3dc70 elementor-section-boxed elementor-section-height-default elementor-section-height-default\" data-id=\"6b3dc70\" data-element_type=\"section\" data-e-type=\"section\">\n\t\t\t\t\t\t<div class=\"elementor-container elementor-column-gap-extended\">\n\t\t\t\t\t<div class=\"elementor-column elementor-col-50 elementor-top-column elementor-element elementor-element-bbe4113\" data-id=\"bbe4113\" data-element_type=\"column\" data-e-type=\"column\">\n\t\t\t<div class=\"elementor-widget-wrap elementor-element-populated\">\n\t\t\t\t\t\t<div class=\"elementor-element elementor-element-b0efb2f elementor-widget elementor-widget-text-editor\" data-id=\"b0efb2f\" data-element_type=\"widget\" data-e-type=\"widget\" data-widget_type=\"text-editor.default\">\n\t\t\t\t<div class=\"elementor-widget-container\">\n\t\t\t\t\t\t\t\t\t<h2 data-start=\"288\" data-end=\"698\"><strong data-start=\"288\" data-end=\"356\">Syntech Ice Hockey: The benchmark in synthetic ice in Quebec<\/strong><\/h2><p data-start=\"288\" data-end=\"698\">Treat yourself to a durable, high-performance hockey surface available 12 months a year.<br data-start=\"450\" data-end=\"453\" \/>We manufacture, sell and install high-density (HDPE) synthetic ice ideal for residential rinks, commercial facilities, schools, gyms, and hockey training centers.<\/p><p data-start=\"700\" data-end=\"1078\">Whether you want a small training area at home or a complete turnkey ice rink, our team takes care of everything:<br data-start=\"840\" data-end=\"843\" \/><strong>\u2022 Custom design<\/strong><br data-start=\"870\" data-end=\"873\" \/><strong>\u2022 High-performance synthetic ice panels<\/strong><br data-start=\"926\" data-end=\"929\" \/><strong>\u2022 HDPE hockey boards (36 in)<\/strong><br data-start=\"967\" data-end=\"970\" \/><strong>\u2022 Protective nets and specialized accessories<\/strong><br data-start=\"1023\" data-end=\"1026\" \/><strong>\u2022 Professional installation throughout Quebec<\/strong><\/p><p data-start=\"1080\" data-end=\"1306\">Skate all year round without water, electricity and complex maintenance.<br \/><br data-start=\"1160\" data-end=\"1163\" \/>Choose Syntech Ice Hockey: superior quality, exceptional durability and optimal glide for hockey and skating.<\/p>\t\t\t\t\t\t\t\t<\/div>\n\t\t\t\t<\/div>\n\t\t\t\t<div class=\"elementor-element elementor-element-e63bad6 elementor-widget elementor-widget-button\" data-id=\"e63bad6\" data-element_type=\"widget\" data-e-type=\"widget\" data-widget_type=\"button.default\">\n\t\t\t\t<div class=\"elementor-widget-container\">\n\t\t\t\t\t\t\t\t\t<div class=\"elementor-button-wrapper\">\n\t\t\t\t\t<a class=\"elementor-button elementor-button-link elementor-size-sm\" href=\"https:\/\/www.syntechicehockey.com\/en\/magasinez\/\">\n\t\t\t\t\t\t<span class=\"elementor-button-content-wrapper\">\n\t\t\t\t\t\t\t\t\t<span class=\"elementor-button-text\">SHOP<\/span>\n\t\t\t\t\t<\/span>\n\t\t\t\t\t<\/a>\n\t\t\t\t<\/div>\n\t\t\t\t\t\t\t\t<\/div>\n\t\t\t\t<\/div>\n\t\t\t\t\t<\/div>\n\t\t<\/div>\n\t\t\t\t<div class=\"elementor-column elementor-col-50 elementor-top-column elementor-element elementor-element-9439ed1\" data-id=\"9439ed1\" data-element_type=\"column\" data-e-type=\"column\">\n\t\t\t<div class=\"elementor-widget-wrap elementor-element-populated\">\n\t\t\t\t\t\t<div class=\"elementor-element elementor-element-1a20992 elementor-widget elementor-widget-image\" data-id=\"1a20992\" data-element_type=\"widget\" data-e-type=\"widget\" data-widget_type=\"image.default\">\n\t\t\t\t<div class=\"elementor-widget-container\">\n\t\t\t\t\t\t\t\t\t\t\t\t\t\t\t<img decoding=\"async\" width=\"520\" height=\"1024\" src=\"https:\/\/www.syntechicehockey.com\/wp-content\/uploads\/2025\/11\/accueil-montage-520x1024.jpg\" class=\"attachment-large size-large wp-image-3297\" alt=\"\" srcset=\"https:\/\/www.syntechicehockey.com\/wp-content\/uploads\/2025\/11\/accueil-montage-520x1024.jpg 520w, https:\/\/www.syntechicehockey.com\/wp-content\/uploads\/2025\/11\/accueil-montage-152x300.jpg 152w, https:\/\/www.syntechicehockey.com\/wp-content\/uploads\/2025\/11\/accueil-montage-6x12.jpg 6w, https:\/\/www.syntechicehockey.com\/wp-content\/uploads\/2025\/11\/accueil-montage-600x1181.jpg 600w, https:\/\/www.syntechicehockey.com\/wp-content\/uploads\/2025\/11\/accueil-montage-64x126.jpg 64w, https:\/\/www.syntechicehockey.com\/wp-content\/uploads\/2025\/11\/accueil-montage.jpg 720w\" sizes=\"(max-width: 520px) 100vw, 520px\" \/>\t\t\t\t\t\t\t\t\t\t\t\t\t\t\t<\/div>\n\t\t\t\t<\/div>\n\t\t\t\t\t<\/div>\n\t\t<\/div>\n\t\t\t\t\t<\/div>\n\t\t<\/section>\n\t\t\t\t<\/div>","protected":false},"excerpt":{"rendered":"<p>Syntech Ice Hockey : La r\u00e9f\u00e9rence en glace synth\u00e9tique au Qu\u00e9bec Offrez-vous une surface de hockey durable, performante et disponible 12 mois par ann\u00e9e.Nous fabriquons, vendons et installons de la glace synth\u00e9tique haute densit\u00e9 (HDPE) id\u00e9ale pour les patinoires r\u00e9sidentielles, les installations commerciales, les \u00e9coles, les gyms, et les centres d\u2019entra\u00eenement de hockey. Que vous [&hellip;]<\/p>\n","protected":false},"author":1,"featured_media":0,"parent":0,"menu_order":0,"comment_status":"closed","ping_status":"closed","template":"custom-page-without-breadcrumb.php","meta":{"footnotes":""},"class_list":["post-1181","page","type-page","status-publish","hentry"],"yoast_head":"<!-- This site is optimized with the Yoast SEO plugin v27.4 - https:\/\/yoast.com\/product\/yoast-seo-wordpress\/ -->\n<title>Accueil - SYNTECH ICE HOCKEY<\/title>\n<meta name=\"description\" content=\"Glace synth\u00e9tique au Qu\u00e9bec : fabrication, vente et installation de patinoires r\u00e9sidentielles et commerciales. Surfaces durables, HDPE, glisse optimale toute l\u2019ann\u00e9e.\" \/>\n<meta name=\"robots\" content=\"index, follow, max-snippet:-1, max-image-preview:large, max-video-preview:-1\" \/>\n<link rel=\"canonical\" href=\"https:\/\/www.syntechicehockey.com\/en\/\" \/>\n<meta property=\"og:locale\" content=\"en_US\" \/>\n<meta property=\"og:type\" content=\"article\" \/>\n<meta property=\"og:title\" content=\"Accueil - SYNTECH ICE HOCKEY\" \/>\n<meta property=\"og:description\" content=\"Glace synth\u00e9tique au Qu\u00e9bec : fabrication, vente et installation de patinoires r\u00e9sidentielles et commerciales. Surfaces durables, HDPE, glisse optimale toute l\u2019ann\u00e9e.\" \/>\n<meta property=\"og:url\" content=\"https:\/\/www.syntechicehockey.com\/en\/\" \/>\n<meta property=\"og:site_name\" content=\"SYNTECH ICE HOCKEY\" \/>\n<meta property=\"article:modified_time\" content=\"2026-01-15T15:24:28+00:00\" \/>\n<meta property=\"og:image\" content=\"https:\/\/www.syntechicehockey.com\/wp-content\/uploads\/2026\/01\/0-2.png\" \/>\n<meta name=\"twitter:card\" content=\"summary_large_image\" \/>\n<meta name=\"twitter:label1\" content=\"Est. reading time\" \/>\n\t<meta name=\"twitter:data1\" content=\"2 minutes\" \/>\n<script type=\"application\/ld+json\" class=\"yoast-schema-graph\">{\"@context\":\"https:\\\/\\\/schema.org\",\"@graph\":[{\"@type\":\"WebPage\",\"@id\":\"https:\\\/\\\/www.syntechicehockey.com\\\/\",\"url\":\"https:\\\/\\\/www.syntechicehockey.com\\\/\",\"name\":\"Accueil - SYNTECH ICE HOCKEY\",\"isPartOf\":{\"@id\":\"https:\\\/\\\/www.syntechicehockey.com\\\/#website\"},\"primaryImageOfPage\":{\"@id\":\"https:\\\/\\\/www.syntechicehockey.com\\\/#primaryimage\"},\"image\":{\"@id\":\"https:\\\/\\\/www.syntechicehockey.com\\\/#primaryimage\"},\"thumbnailUrl\":\"https:\\\/\\\/www.syntechicehockey.com\\\/wp-content\\\/uploads\\\/2026\\\/01\\\/0-2.png\",\"datePublished\":\"2021-05-03T19:11:29+00:00\",\"dateModified\":\"2026-01-15T15:24:28+00:00\",\"description\":\"Glace synth\u00e9tique au Qu\u00e9bec : fabrication, vente et installation de patinoires r\u00e9sidentielles et commerciales. Surfaces durables, HDPE, glisse optimale toute l\u2019ann\u00e9e.\",\"breadcrumb\":{\"@id\":\"https:\\\/\\\/www.syntechicehockey.com\\\/#breadcrumb\"},\"inLanguage\":\"en-US\",\"potentialAction\":[{\"@type\":\"ReadAction\",\"target\":[\"https:\\\/\\\/www.syntechicehockey.com\\\/\"]}]},{\"@type\":\"ImageObject\",\"inLanguage\":\"en-US\",\"@id\":\"https:\\\/\\\/www.syntechicehockey.com\\\/#primaryimage\",\"url\":\"https:\\\/\\\/www.syntechicehockey.com\\\/wp-content\\\/uploads\\\/2026\\\/01\\\/0-2.png\",\"contentUrl\":\"https:\\\/\\\/www.syntechicehockey.com\\\/wp-content\\\/uploads\\\/2026\\\/01\\\/0-2.png\"},{\"@type\":\"BreadcrumbList\",\"@id\":\"https:\\\/\\\/www.syntechicehockey.com\\\/#breadcrumb\",\"itemListElement\":[{\"@type\":\"ListItem\",\"position\":1,\"name\":\"Accueil\",\"item\":\"https:\\\/\\\/www.syntechicehockey.com\\\/\"},{\"@type\":\"ListItem\",\"position\":2,\"name\":\"Accueil\"}]},{\"@type\":\"WebSite\",\"@id\":\"https:\\\/\\\/www.syntechicehockey.com\\\/#website\",\"url\":\"https:\\\/\\\/www.syntechicehockey.com\\\/\",\"name\":\"SYNTECH ICE HOCKEY\",\"description\":\"\",\"publisher\":{\"@id\":\"https:\\\/\\\/www.syntechicehockey.com\\\/#organization\"},\"potentialAction\":[{\"@type\":\"SearchAction\",\"target\":{\"@type\":\"EntryPoint\",\"urlTemplate\":\"https:\\\/\\\/www.syntechicehockey.com\\\/?s={search_term_string}\"},\"query-input\":{\"@type\":\"PropertyValueSpecification\",\"valueRequired\":true,\"valueName\":\"search_term_string\"}}],\"inLanguage\":\"en-US\"},{\"@type\":\"Organization\",\"@id\":\"https:\\\/\\\/www.syntechicehockey.com\\\/#organization\",\"name\":\"SYNTECH ICE HOCKEY\",\"url\":\"https:\\\/\\\/www.syntechicehockey.com\\\/\",\"logo\":{\"@type\":\"ImageObject\",\"inLanguage\":\"en-US\",\"@id\":\"https:\\\/\\\/www.syntechicehockey.com\\\/#\\\/schema\\\/logo\\\/image\\\/\",\"url\":\"https:\\\/\\\/www.syntechicehockey.com\\\/wp-content\\\/uploads\\\/2021\\\/04\\\/cropped-logo.jpg\",\"contentUrl\":\"https:\\\/\\\/www.syntechicehockey.com\\\/wp-content\\\/uploads\\\/2021\\\/04\\\/cropped-logo.jpg\",\"width\":770,\"height\":175,\"caption\":\"SYNTECH ICE HOCKEY\"},\"image\":{\"@id\":\"https:\\\/\\\/www.syntechicehockey.com\\\/#\\\/schema\\\/logo\\\/image\\\/\"}}]}<\/script>\n<!-- \/ Yoast SEO plugin. -->","yoast_head_json":{"title":"Home - SYNTECH ICE HOCKEY","description":"Glace synth\u00e9tique au Qu\u00e9bec : fabrication, vente et installation de patinoires r\u00e9sidentielles et commerciales. Surfaces durables, HDPE, glisse optimale toute l\u2019ann\u00e9e.","robots":{"index":"index","follow":"follow","max-snippet":"max-snippet:-1","max-image-preview":"max-image-preview:large","max-video-preview":"max-video-preview:-1"},"canonical":"https:\/\/www.syntechicehockey.com\/en\/","og_locale":"en_US","og_type":"article","og_title":"Accueil - SYNTECH ICE HOCKEY","og_description":"Glace synth\u00e9tique au Qu\u00e9bec : fabrication, vente et installation de patinoires r\u00e9sidentielles et commerciales. Surfaces durables, HDPE, glisse optimale toute l\u2019ann\u00e9e.","og_url":"https:\/\/www.syntechicehockey.com\/en\/","og_site_name":"SYNTECH ICE HOCKEY","article_modified_time":"2026-01-15T15:24:28+00:00","og_image":[{"url":"https:\/\/www.syntechicehockey.com\/wp-content\/uploads\/2026\/01\/0-2.png","type":"","width":"","height":""}],"twitter_card":"summary_large_image","twitter_misc":{"Est. reading time":"2 minutes"},"schema":{"@context":"https:\/\/schema.org","@graph":[{"@type":"WebPage","@id":"https:\/\/www.syntechicehockey.com\/","url":"https:\/\/www.syntechicehockey.com\/","name":"Home - SYNTECH ICE HOCKEY","isPartOf":{"@id":"https:\/\/www.syntechicehockey.com\/#website"},"primaryImageOfPage":{"@id":"https:\/\/www.syntechicehockey.com\/#primaryimage"},"image":{"@id":"https:\/\/www.syntechicehockey.com\/#primaryimage"},"thumbnailUrl":"https:\/\/www.syntechicehockey.com\/wp-content\/uploads\/2026\/01\/0-2.png","datePublished":"2021-05-03T19:11:29+00:00","dateModified":"2026-01-15T15:24:28+00:00","description":"Glace synth\u00e9tique au Qu\u00e9bec : fabrication, vente et installation de patinoires r\u00e9sidentielles et commerciales. Surfaces durables, HDPE, glisse optimale toute l\u2019ann\u00e9e.","breadcrumb":{"@id":"https:\/\/www.syntechicehockey.com\/#breadcrumb"},"inLanguage":"en-US","potentialAction":[{"@type":"ReadAction","target":["https:\/\/www.syntechicehockey.com\/"]}]},{"@type":"ImageObject","inLanguage":"en-US","@id":"https:\/\/www.syntechicehockey.com\/#primaryimage","url":"https:\/\/www.syntechicehockey.com\/wp-content\/uploads\/2026\/01\/0-2.png","contentUrl":"https:\/\/www.syntechicehockey.com\/wp-content\/uploads\/2026\/01\/0-2.png"},{"@type":"BreadcrumbList","@id":"https:\/\/www.syntechicehockey.com\/#breadcrumb","itemListElement":[{"@type":"ListItem","position":1,"name":"Accueil","item":"https:\/\/www.syntechicehockey.com\/"},{"@type":"ListItem","position":2,"name":"Accueil"}]},{"@type":"WebSite","@id":"https:\/\/www.syntechicehockey.com\/#website","url":"https:\/\/www.syntechicehockey.com\/","name":"SYNTECH ICE HOCKEY","description":"","publisher":{"@id":"https:\/\/www.syntechicehockey.com\/#organization"},"potentialAction":[{"@type":"SearchAction","target":{"@type":"EntryPoint","urlTemplate":"https:\/\/www.syntechicehockey.com\/?s={search_term_string}"},"query-input":{"@type":"PropertyValueSpecification","valueRequired":true,"valueName":"search_term_string"}}],"inLanguage":"en-US"},{"@type":"Organization","@id":"https:\/\/www.syntechicehockey.com\/#organization","name":"SYNTECH ICE HOCKEY","url":"https:\/\/www.syntechicehockey.com\/","logo":{"@type":"ImageObject","inLanguage":"en-US","@id":"https:\/\/www.syntechicehockey.com\/#\/schema\/logo\/image\/","url":"https:\/\/www.syntechicehockey.com\/wp-content\/uploads\/2021\/04\/cropped-logo.jpg","contentUrl":"https:\/\/www.syntechicehockey.com\/wp-content\/uploads\/2021\/04\/cropped-logo.jpg","width":770,"height":175,"caption":"SYNTECH ICE HOCKEY"},"image":{"@id":"https:\/\/www.syntechicehockey.com\/#\/schema\/logo\/image\/"}}]}},"_hostinger_reach_plugin_has_subscription_block":false,"_hostinger_reach_plugin_is_elementor":false,"_links":{"self":[{"href":"https:\/\/www.syntechicehockey.com\/en\/wp-json\/wp\/v2\/pages\/1181","targetHints":{"allow":["GET"]}}],"collection":[{"href":"https:\/\/www.syntechicehockey.com\/en\/wp-json\/wp\/v2\/pages"}],"about":[{"href":"https:\/\/www.syntechicehockey.com\/en\/wp-json\/wp\/v2\/types\/page"}],"author":[{"embeddable":true,"href":"https:\/\/www.syntechicehockey.com\/en\/wp-json\/wp\/v2\/users\/1"}],"replies":[{"embeddable":true,"href":"https:\/\/www.syntechicehockey.com\/en\/wp-json\/wp\/v2\/comments?post=1181"}],"version-history":[{"count":223,"href":"https:\/\/www.syntechicehockey.com\/en\/wp-json\/wp\/v2\/pages\/1181\/revisions"}],"predecessor-version":[{"id":3454,"href":"https:\/\/www.syntechicehockey.com\/en\/wp-json\/wp\/v2\/pages\/1181\/revisions\/3454"}],"wp:attachment":[{"href":"https:\/\/www.syntechicehockey.com\/en\/wp-json\/wp\/v2\/media?parent=1181"}],"curies":[{"name":"wp","href":"https:\/\/api.w.org\/{rel}","templated":true}]}}